{"id":284,"date":"2016-06-13T11:29:16","date_gmt":"2016-06-13T09:29:16","guid":{"rendered":"https:\/\/www.absaroka-ip.com\/our-partners\/"},"modified":"2019-07-29T03:37:58","modified_gmt":"2019-07-29T01:37:58","slug":"nos-partenaires","status":"publish","type":"page","link":"https:\/\/www.absaroka-ip.com\/can\/nos-partenaires\/","title":{"rendered":"Nos partenaires"},"content":{"rendered":"<div class=\"wpb-content-wrapper\"><p>[vc_row][vc_column width=&#8221;1\/6&#8243;][\/vc_column][vc_column width=&#8221;2\/3&#8243;][vc_column_text]<\/p>\n<p style=\"text-align: justify;\">ABSAROKA, pour renforcer et compl\u00e9ter ses services, travaille r\u00e9guli\u00e8rement avec des agents de brevet au Canada, des professionnels sp\u00e9cialis\u00e9s sur l\u2019aspect juridique de la propri\u00e9t\u00e9 Industrielle, du droit d\u2019auteur, avec des avocats, des sp\u00e9cialistes du management, de la performance interne, de la faisabilit\u00e9 \u00e9conomique, du d\u00e9veloppement \u00e9conomique avec des experts comptables et avec des sp\u00e9cialistes de la de la fiscalit\u00e9 douani\u00e8re.<\/p>\n<p>[\/vc_column_text][vc_single_image image=&#8221;593&#8243; img_size=&#8221;large&#8221;][\/vc_column][vc_column width=&#8221;1\/6&#8243;][\/vc_column][\/vc_row]<\/p>\n<\/div>","protected":false},"excerpt":{"rendered":"<p>[vc_row][vc_column width=&#8221;1\/6&#8243;][\/vc_column][vc_column width=&#8221;2\/3&#8243;][vc_column_text] ABSAROKA, pour renforcer et compl\u00e9ter ses services, travaille r\u00e9guli\u00e8rement avec des agents de brevet au Canada, des professionnels sp\u00e9cialis\u00e9s sur l\u2019aspect juridique de la propri\u00e9t\u00e9 Industrielle, du droit d\u2019auteur, avec des avocats, des sp\u00e9cialistes du management, de la performance interne, de la faisabilit\u00e9 \u00e9conomique, du d\u00e9veloppement \u00e9conomique avec des experts comptables et [&hellip;]<\/p>\n","protected":false},"author":1,"featured_media":0,"parent":0,"menu_order":0,"comment_status":"closed","ping_status":"closed","template":"","meta":{"footnotes":""},"class_list":["post-284","page","type-page","status-publish","hentry"],"yoast_head":"<!-- This site is optimized with the Yoast SEO plugin v26.3 - https:\/\/yoast.com\/wordpress\/plugins\/seo\/ -->\n<title>Nos partenaires - Absakorba<\/title>\n<meta name=\"description\" content=\"ABSAROKA, pour renforcer et compl\u00e9ter ses services, travaille r\u00e9guli\u00e8rement avec des agents de brevet au Canada, des professionnels sp\u00e9cialis\u00e9s sur\" \/>\n<meta name=\"robots\" content=\"index, follow, max-snippet:-1, max-image-preview:large, max-video-preview:-1\" \/>\n<link rel=\"canonical\" href=\"https:\/\/www.absaroka-ip.com\/can\/nos-partenaires\/\" \/>\n<meta property=\"og:locale\" content=\"en_US\" \/>\n<meta property=\"og:type\" content=\"article\" \/>\n<meta property=\"og:title\" content=\"Nos partenaires - Absakorba\" \/>\n<meta property=\"og:description\" content=\"ABSAROKA, pour renforcer et compl\u00e9ter ses services, travaille r\u00e9guli\u00e8rement avec des agents de brevet au Canada, des professionnels sp\u00e9cialis\u00e9s sur\" \/>\n<meta property=\"og:url\" content=\"https:\/\/www.absaroka-ip.com\/can\/nos-partenaires\/\" \/>\n<meta property=\"og:site_name\" content=\"Absakorba\" \/>\n<meta property=\"article:modified_time\" content=\"2019-07-29T01:37:58+00:00\" \/>\n<meta property=\"og:image\" content=\"https:\/\/www.absaroka-ip.com\/wp-content\/uploads\/2016\/06\/logo.png\" \/>\n\t<meta property=\"og:image:width\" content=\"906\" \/>\n\t<meta property=\"og:image:height\" content=\"491\" \/>\n\t<meta property=\"og:image:type\" content=\"image\/png\" \/>\n<meta name=\"twitter:card\" content=\"summary_large_image\" \/>\n<meta name=\"twitter:label1\" content=\"Est. reading time\" \/>\n\t<meta name=\"twitter:data1\" content=\"1 minute\" \/>\n<script type=\"application\/ld+json\" class=\"yoast-schema-graph\">{\"@context\":\"https:\/\/schema.org\",\"@graph\":[{\"@type\":\"WebPage\",\"@id\":\"https:\/\/www.absaroka-ip.com\/can\/nos-partenaires\/\",\"url\":\"https:\/\/www.absaroka-ip.com\/can\/nos-partenaires\/\",\"name\":\"Nos partenaires - Absakorba\",\"isPartOf\":{\"@id\":\"https:\/\/www.absaroka-ip.com\/can\/#website\"},\"datePublished\":\"2016-06-13T09:29:16+00:00\",\"dateModified\":\"2019-07-29T01:37:58+00:00\",\"description\":\"ABSAROKA, pour renforcer et compl\u00e9ter ses services, travaille r\u00e9guli\u00e8rement avec des agents de brevet au Canada, des professionnels sp\u00e9cialis\u00e9s sur\",\"breadcrumb\":{\"@id\":\"https:\/\/www.absaroka-ip.com\/can\/nos-partenaires\/#breadcrumb\"},\"inLanguage\":\"en-CA\",\"potentialAction\":[{\"@type\":\"ReadAction\",\"target\":[\"https:\/\/www.absaroka-ip.com\/can\/nos-partenaires\/\"]}]},{\"@type\":\"BreadcrumbList\",\"@id\":\"https:\/\/www.absaroka-ip.com\/can\/nos-partenaires\/#breadcrumb\",\"itemListElement\":[{\"@type\":\"ListItem\",\"position\":1,\"name\":\"Accueil\",\"item\":\"https:\/\/www.absaroka-ip.com\/can\/\"},{\"@type\":\"ListItem\",\"position\":2,\"name\":\"Nos partenaires\"}]},{\"@type\":\"WebSite\",\"@id\":\"https:\/\/www.absaroka-ip.com\/can\/#website\",\"url\":\"https:\/\/www.absaroka-ip.com\/can\/\",\"name\":\"Absakorba\",\"description\":\"Un projet durable c\u2019est celui qui sait pr\u00e9server sa force une fois au grand jour.\",\"potentialAction\":[{\"@type\":\"SearchAction\",\"target\":{\"@type\":\"EntryPoint\",\"urlTemplate\":\"https:\/\/www.absaroka-ip.com\/can\/?s={search_term_string}\"},\"query-input\":{\"@type\":\"PropertyValueSpecification\",\"valueRequired\":true,\"valueName\":\"search_term_string\"}}],\"inLanguage\":\"en-CA\"}]}<\/script>\n<!-- \/ Yoast SEO plugin. -->","yoast_head_json":{"title":"Nos partenaires - Absakorba","description":"ABSAROKA, pour renforcer et compl\u00e9ter ses services, travaille r\u00e9guli\u00e8rement avec des agents de brevet au Canada, des professionnels sp\u00e9cialis\u00e9s sur","robots":{"index":"index","follow":"follow","max-snippet":"max-snippet:-1","max-image-preview":"max-image-preview:large","max-video-preview":"max-video-preview:-1"},"canonical":"https:\/\/www.absaroka-ip.com\/can\/nos-partenaires\/","og_locale":"en_US","og_type":"article","og_title":"Nos partenaires - Absakorba","og_description":"ABSAROKA, pour renforcer et compl\u00e9ter ses services, travaille r\u00e9guli\u00e8rement avec des agents de brevet au Canada, des professionnels sp\u00e9cialis\u00e9s sur","og_url":"https:\/\/www.absaroka-ip.com\/can\/nos-partenaires\/","og_site_name":"Absakorba","article_modified_time":"2019-07-29T01:37:58+00:00","og_image":[{"width":906,"height":491,"url":"https:\/\/www.absaroka-ip.com\/wp-content\/uploads\/2016\/06\/logo.png","type":"image\/png"}],"twitter_card":"summary_large_image","twitter_misc":{"Est. reading time":"1 minute"},"schema":{"@context":"https:\/\/schema.org","@graph":[{"@type":"WebPage","@id":"https:\/\/www.absaroka-ip.com\/can\/nos-partenaires\/","url":"https:\/\/www.absaroka-ip.com\/can\/nos-partenaires\/","name":"Nos partenaires - Absakorba","isPartOf":{"@id":"https:\/\/www.absaroka-ip.com\/can\/#website"},"datePublished":"2016-06-13T09:29:16+00:00","dateModified":"2019-07-29T01:37:58+00:00","description":"ABSAROKA, pour renforcer et compl\u00e9ter ses services, travaille r\u00e9guli\u00e8rement avec des agents de brevet au Canada, des professionnels sp\u00e9cialis\u00e9s sur","breadcrumb":{"@id":"https:\/\/www.absaroka-ip.com\/can\/nos-partenaires\/#breadcrumb"},"inLanguage":"en-CA","potentialAction":[{"@type":"ReadAction","target":["https:\/\/www.absaroka-ip.com\/can\/nos-partenaires\/"]}]},{"@type":"BreadcrumbList","@id":"https:\/\/www.absaroka-ip.com\/can\/nos-partenaires\/#breadcrumb","itemListElement":[{"@type":"ListItem","position":1,"name":"Accueil","item":"https:\/\/www.absaroka-ip.com\/can\/"},{"@type":"ListItem","position":2,"name":"Nos partenaires"}]},{"@type":"WebSite","@id":"https:\/\/www.absaroka-ip.com\/can\/#website","url":"https:\/\/www.absaroka-ip.com\/can\/","name":"Absakorba","description":"Un projet durable c\u2019est celui qui sait pr\u00e9server sa force une fois au grand jour.","potentialAction":[{"@type":"SearchAction","target":{"@type":"EntryPoint","urlTemplate":"https:\/\/www.absaroka-ip.com\/can\/?s={search_term_string}"},"query-input":{"@type":"PropertyValueSpecification","valueRequired":true,"valueName":"search_term_string"}}],"inLanguage":"en-CA"}]}},"_links":{"self":[{"href":"https:\/\/www.absaroka-ip.com\/can\/wp-json\/wp\/v2\/pages\/284","targetHints":{"allow":["GET"]}}],"collection":[{"href":"https:\/\/www.absaroka-ip.com\/can\/wp-json\/wp\/v2\/pages"}],"about":[{"href":"https:\/\/www.absaroka-ip.com\/can\/wp-json\/wp\/v2\/types\/page"}],"author":[{"embeddable":true,"href":"https:\/\/www.absaroka-ip.com\/can\/wp-json\/wp\/v2\/users\/1"}],"replies":[{"embeddable":true,"href":"https:\/\/www.absaroka-ip.com\/can\/wp-json\/wp\/v2\/comments?post=284"}],"version-history":[{"count":12,"href":"https:\/\/www.absaroka-ip.com\/can\/wp-json\/wp\/v2\/pages\/284\/revisions"}],"predecessor-version":[{"id":629,"href":"https:\/\/www.absaroka-ip.com\/can\/wp-json\/wp\/v2\/pages\/284\/revisions\/629"}],"wp:attachment":[{"href":"https:\/\/www.absaroka-ip.com\/can\/wp-json\/wp\/v2\/media?parent=284"}],"curies":[{"name":"wp","href":"https:\/\/api.w.org\/{rel}","templated":true}]}}