{"id":280,"date":"2016-06-13T11:29:01","date_gmt":"2016-06-13T09:29:01","guid":{"rendered":"https:\/\/www.absaroka-ip.com\/our-services\/"},"modified":"2019-11-25T17:56:21","modified_gmt":"2019-11-25T16:56:21","slug":"nos-prestations","status":"publish","type":"page","link":"https:\/\/www.absaroka-ip.com\/can\/nos-prestations\/","title":{"rendered":"Notre offre"},"content":{"rendered":"<div class=\"wpb-content-wrapper\"><p>[vc_row][vc_column width=&#8221;1\/6&#8243;][\/vc_column][vc_column width=&#8221;2\/3&#8243;][vc_column_text]<\/p>\n<ul>\n<li style=\"text-align: justify;\">Un premier RDV, par visioconf\u00e9rence, par t\u00e9l\u00e9phone ou lors d&#8217;un d\u00e9placement au Qu\u00e9bec, rapide d\u20191h30 \u00e0 2h pour d\u00e9finir vos besoins.<\/li>\n<li style=\"text-align: justify;\">Une r\u00e9ponse sous 48H \u00e0 vos demandes par courriel.<\/li>\n<li>Une pr\u00e9sentation sous forme de conf\u00e9rence des informations sur la P.I. en France et en Europe en relation avec vos besoins.<\/li>\n<li style=\"text-align: justify;\">Une intervention adapt\u00e9e \u00e0 votre strat\u00e9gie que ce soit en vue d&#8217;une commercialisation, d&#8217;une implantation, d&#8217;un partenariat ou d&#8217;un rachat d&#8217;une soci\u00e9t\u00e9 en France.<\/li>\n<li style=\"text-align: justify;\">Une proposition chiffr\u00e9e pr\u00e9cise, sans co\u00fbt cach\u00e9.<\/li>\n<li style=\"text-align: justify;\">Des modules de formation par demi-journ\u00e9e sur site ou par t\u00e9l\u00e9conf\u00e9rence.<\/li>\n<li style=\"text-align: justify;\">Un accompagnement sur les sp\u00e9cificit\u00e9s en France\u00a0 lors d&#8217;audits en <span>Propri\u00e9t\u00e9 Industrielle.<\/span><\/li>\n<li style=\"text-align: justify;\">Un accompagnement lors d&#8217;une mise en \u0153uvre d\u2019une strat\u00e9gie en <span>Propri\u00e9t\u00e9 Industrielle<\/span> en France, pour les entreprises souhaitant s&#8217;implanter sur le march\u00e9 fran\u00e7ais.<\/li>\n<li style=\"text-align: justify;\">Un accompagnement sur les sp\u00e9cificit\u00e9s en France lors de due diligence.<\/li>\n<li style=\"text-align: justify;\">Un accompagnement lors de l&#8217;\u2019\u00e9valuation des actifs de <span>Propri\u00e9t\u00e9 Industrielle<\/span> pour les entreprises install\u00e9es en France.<\/li>\n<li style=\"text-align: justify;\">Nous pouvons \u00e9galement intervenir lors d&#8217;\u00e9tude de la libert\u00e9 d\u2019exploitation en France (brevet), lors d\u2019\u00e9tude d\u2019opposabilit\u00e9 (brevet).<\/li>\n<li style=\"text-align: justify;\">L&#8217;assistance lors de n\u00e9gociations de contrats de cession ou de licence de brevet en France.<\/li>\n<li style=\"text-align: justify;\">L&#8217;assistance lors de saisies-contrefa\u00e7on en France.<\/li>\n<li style=\"text-align: justify;\">L\u2019assistance technique dans les litiges en contrefa\u00e7on de brevet en France.<\/li>\n<li style=\"text-align: justify;\">Les mises en relation et le suivi avec des partenaires intervenant sur les autres aspects li\u00e9s \u00e0 la valorisation de l\u2019innovation en France : marketing, \u00e9tude de march\u00e9, experts-comptables, avocats, fiscalistes, experts en droit des douanes.<\/li>\n<\/ul>\n<ul><\/ul>\n<p>[\/vc_column_text][vc_single_image image=&#8221;498&#8243; img_size=&#8221;large&#8221; alignment=&#8221;center&#8221;][\/vc_column][vc_column width=&#8221;1\/6&#8243;][\/vc_column][\/vc_row]<\/p>\n<\/div>","protected":false},"excerpt":{"rendered":"<p>[vc_row][vc_column width=&#8221;1\/6&#8243;][\/vc_column][vc_column width=&#8221;2\/3&#8243;][vc_column_text] Un premier RDV, par visioconf\u00e9rence, par t\u00e9l\u00e9phone ou lors d&#8217;un d\u00e9placement au Qu\u00e9bec, rapide d\u20191h30 \u00e0 2h pour d\u00e9finir vos besoins. Une r\u00e9ponse sous 48H \u00e0 vos demandes par courriel. Une pr\u00e9sentation sous forme de conf\u00e9rence des informations sur la P.I. en France et en Europe en relation avec vos besoins. Une [&hellip;]<\/p>\n","protected":false},"author":1,"featured_media":0,"parent":0,"menu_order":0,"comment_status":"closed","ping_status":"closed","template":"","meta":{"footnotes":""},"class_list":["post-280","page","type-page","status-publish","hentry"],"yoast_head":"<!-- This site is optimized with the Yoast SEO plugin v26.3 - https:\/\/yoast.com\/wordpress\/plugins\/seo\/ -->\n<title>Notre offre - Absakorba<\/title>\n<meta name=\"description\" content=\"Un premier RDV, par visioconf\u00e9rence, par t\u00e9l\u00e9phone ou lors d&#039;un d\u00e9placement au Qu\u00e9bec, rapide d\u20191h30 \u00e0 2h pour d\u00e9finir vos besoins. Une r\u00e9ponse sous 48H \u00e0\" \/>\n<meta name=\"robots\" content=\"index, follow, max-snippet:-1, max-image-preview:large, max-video-preview:-1\" \/>\n<link rel=\"canonical\" href=\"https:\/\/www.absaroka-ip.com\/can\/nos-prestations\/\" \/>\n<meta property=\"og:locale\" content=\"en_US\" \/>\n<meta property=\"og:type\" content=\"article\" \/>\n<meta property=\"og:title\" content=\"Notre offre - Absakorba\" \/>\n<meta property=\"og:description\" content=\"Un premier RDV, par visioconf\u00e9rence, par t\u00e9l\u00e9phone ou lors d&#039;un d\u00e9placement au Qu\u00e9bec, rapide d\u20191h30 \u00e0 2h pour d\u00e9finir vos besoins. Une r\u00e9ponse sous 48H \u00e0\" \/>\n<meta property=\"og:url\" content=\"https:\/\/www.absaroka-ip.com\/can\/nos-prestations\/\" \/>\n<meta property=\"og:site_name\" content=\"Absakorba\" \/>\n<meta property=\"article:modified_time\" content=\"2019-11-25T16:56:21+00:00\" \/>\n<meta property=\"og:image\" content=\"https:\/\/www.absaroka-ip.com\/wp-content\/uploads\/2016\/06\/logo.png\" \/>\n\t<meta property=\"og:image:width\" content=\"906\" \/>\n\t<meta property=\"og:image:height\" content=\"491\" \/>\n\t<meta property=\"og:image:type\" content=\"image\/png\" \/>\n<meta name=\"twitter:card\" content=\"summary_large_image\" \/>\n<meta name=\"twitter:label1\" content=\"Est. reading time\" \/>\n\t<meta name=\"twitter:data1\" content=\"2 minutes\" \/>\n<script type=\"application\/ld+json\" class=\"yoast-schema-graph\">{\"@context\":\"https:\/\/schema.org\",\"@graph\":[{\"@type\":\"WebPage\",\"@id\":\"https:\/\/www.absaroka-ip.com\/can\/nos-prestations\/\",\"url\":\"https:\/\/www.absaroka-ip.com\/can\/nos-prestations\/\",\"name\":\"Notre offre - Absakorba\",\"isPartOf\":{\"@id\":\"https:\/\/www.absaroka-ip.com\/can\/#website\"},\"datePublished\":\"2016-06-13T09:29:01+00:00\",\"dateModified\":\"2019-11-25T16:56:21+00:00\",\"description\":\"Un premier RDV, par visioconf\u00e9rence, par t\u00e9l\u00e9phone ou lors d'un d\u00e9placement au Qu\u00e9bec, rapide d\u20191h30 \u00e0 2h pour d\u00e9finir vos besoins. Une r\u00e9ponse sous 48H \u00e0\",\"breadcrumb\":{\"@id\":\"https:\/\/www.absaroka-ip.com\/can\/nos-prestations\/#breadcrumb\"},\"inLanguage\":\"en-CA\",\"potentialAction\":[{\"@type\":\"ReadAction\",\"target\":[\"https:\/\/www.absaroka-ip.com\/can\/nos-prestations\/\"]}]},{\"@type\":\"BreadcrumbList\",\"@id\":\"https:\/\/www.absaroka-ip.com\/can\/nos-prestations\/#breadcrumb\",\"itemListElement\":[{\"@type\":\"ListItem\",\"position\":1,\"name\":\"Accueil\",\"item\":\"https:\/\/www.absaroka-ip.com\/can\/\"},{\"@type\":\"ListItem\",\"position\":2,\"name\":\"Notre offre\"}]},{\"@type\":\"WebSite\",\"@id\":\"https:\/\/www.absaroka-ip.com\/can\/#website\",\"url\":\"https:\/\/www.absaroka-ip.com\/can\/\",\"name\":\"Absakorba\",\"description\":\"Un projet durable c\u2019est celui qui sait pr\u00e9server sa force une fois au grand jour.\",\"potentialAction\":[{\"@type\":\"SearchAction\",\"target\":{\"@type\":\"EntryPoint\",\"urlTemplate\":\"https:\/\/www.absaroka-ip.com\/can\/?s={search_term_string}\"},\"query-input\":{\"@type\":\"PropertyValueSpecification\",\"valueRequired\":true,\"valueName\":\"search_term_string\"}}],\"inLanguage\":\"en-CA\"}]}<\/script>\n<!-- \/ Yoast SEO plugin. -->","yoast_head_json":{"title":"Notre offre - Absakorba","description":"Un premier RDV, par visioconf\u00e9rence, par t\u00e9l\u00e9phone ou lors d'un d\u00e9placement au Qu\u00e9bec, rapide d\u20191h30 \u00e0 2h pour d\u00e9finir vos besoins. Une r\u00e9ponse sous 48H \u00e0","robots":{"index":"index","follow":"follow","max-snippet":"max-snippet:-1","max-image-preview":"max-image-preview:large","max-video-preview":"max-video-preview:-1"},"canonical":"https:\/\/www.absaroka-ip.com\/can\/nos-prestations\/","og_locale":"en_US","og_type":"article","og_title":"Notre offre - Absakorba","og_description":"Un premier RDV, par visioconf\u00e9rence, par t\u00e9l\u00e9phone ou lors d'un d\u00e9placement au Qu\u00e9bec, rapide d\u20191h30 \u00e0 2h pour d\u00e9finir vos besoins. Une r\u00e9ponse sous 48H \u00e0","og_url":"https:\/\/www.absaroka-ip.com\/can\/nos-prestations\/","og_site_name":"Absakorba","article_modified_time":"2019-11-25T16:56:21+00:00","og_image":[{"width":906,"height":491,"url":"https:\/\/www.absaroka-ip.com\/wp-content\/uploads\/2016\/06\/logo.png","type":"image\/png"}],"twitter_card":"summary_large_image","twitter_misc":{"Est. reading time":"2 minutes"},"schema":{"@context":"https:\/\/schema.org","@graph":[{"@type":"WebPage","@id":"https:\/\/www.absaroka-ip.com\/can\/nos-prestations\/","url":"https:\/\/www.absaroka-ip.com\/can\/nos-prestations\/","name":"Notre offre - Absakorba","isPartOf":{"@id":"https:\/\/www.absaroka-ip.com\/can\/#website"},"datePublished":"2016-06-13T09:29:01+00:00","dateModified":"2019-11-25T16:56:21+00:00","description":"Un premier RDV, par visioconf\u00e9rence, par t\u00e9l\u00e9phone ou lors d'un d\u00e9placement au Qu\u00e9bec, rapide d\u20191h30 \u00e0 2h pour d\u00e9finir vos besoins. Une r\u00e9ponse sous 48H \u00e0","breadcrumb":{"@id":"https:\/\/www.absaroka-ip.com\/can\/nos-prestations\/#breadcrumb"},"inLanguage":"en-CA","potentialAction":[{"@type":"ReadAction","target":["https:\/\/www.absaroka-ip.com\/can\/nos-prestations\/"]}]},{"@type":"BreadcrumbList","@id":"https:\/\/www.absaroka-ip.com\/can\/nos-prestations\/#breadcrumb","itemListElement":[{"@type":"ListItem","position":1,"name":"Accueil","item":"https:\/\/www.absaroka-ip.com\/can\/"},{"@type":"ListItem","position":2,"name":"Notre offre"}]},{"@type":"WebSite","@id":"https:\/\/www.absaroka-ip.com\/can\/#website","url":"https:\/\/www.absaroka-ip.com\/can\/","name":"Absakorba","description":"Un projet durable c\u2019est celui qui sait pr\u00e9server sa force une fois au grand jour.","potentialAction":[{"@type":"SearchAction","target":{"@type":"EntryPoint","urlTemplate":"https:\/\/www.absaroka-ip.com\/can\/?s={search_term_string}"},"query-input":{"@type":"PropertyValueSpecification","valueRequired":true,"valueName":"search_term_string"}}],"inLanguage":"en-CA"}]}},"_links":{"self":[{"href":"https:\/\/www.absaroka-ip.com\/can\/wp-json\/wp\/v2\/pages\/280","targetHints":{"allow":["GET"]}}],"collection":[{"href":"https:\/\/www.absaroka-ip.com\/can\/wp-json\/wp\/v2\/pages"}],"about":[{"href":"https:\/\/www.absaroka-ip.com\/can\/wp-json\/wp\/v2\/types\/page"}],"author":[{"embeddable":true,"href":"https:\/\/www.absaroka-ip.com\/can\/wp-json\/wp\/v2\/users\/1"}],"replies":[{"embeddable":true,"href":"https:\/\/www.absaroka-ip.com\/can\/wp-json\/wp\/v2\/comments?post=280"}],"version-history":[{"count":13,"href":"https:\/\/www.absaroka-ip.com\/can\/wp-json\/wp\/v2\/pages\/280\/revisions"}],"predecessor-version":[{"id":641,"href":"https:\/\/www.absaroka-ip.com\/can\/wp-json\/wp\/v2\/pages\/280\/revisions\/641"}],"wp:attachment":[{"href":"https:\/\/www.absaroka-ip.com\/can\/wp-json\/wp\/v2\/media?parent=280"}],"curies":[{"name":"wp","href":"https:\/\/api.w.org\/{rel}","templated":true}]}}